{"id":503,"date":"2017-11-30T14:32:42","date_gmt":"2017-11-30T14:32:42","guid":{"rendered":"http:\/\/www.porecholiday.com\/o-porecu-istri\/"},"modified":"2022-04-13T12:53:40","modified_gmt":"2022-04-13T12:53:40","slug":"porec-istria","status":"publish","type":"page","link":"https:\/\/www.porecholiday.com\/de\/porec-istria\/","title":{"rendered":"Pore\u010d, Istria"},"content":{"rendered":"<p>[vc_row full_width=&#8220;stretch_row&#8220; css=&#8220;.vc_custom_1512063981499{padding-top: 30px !important;}&#8220;][vc_column]<div id=\"ultimate-heading-52036a0924c2f3e27\" class=\"uvc-heading ult-adjust-bottom-margin ultimate-heading-52036a0924c2f3e27 uvc-77 naslov\" data-hspacer=\"line_only\"  data-halign=\"center\" style=\"text-align:center\"><div class=\"uvc-main-heading ult-responsive\"  data-ultimate-target='.uvc-heading.ultimate-heading-52036a0924c2f3e27 h3'  data-responsive-json-new='{\"font-size\":\"\",\"line-height\":\"\"}' ><h3 style=\"font-weight:normal;\">PORE\u010c<\/h3><\/div><div class=\"uvc-heading-spacer line_only\" style=\"margin-top:10px;height:3px;\"><span class=\"uvc-headings-line\" style=\"border-style:solid;border-bottom-width:3px;border-color:#e77424;width:60px;\"><\/span><\/div><\/div>[vc_row_inner][vc_column_inner width=&#8220;2\/3&#8243;]<div id=\"ultimate-heading-70646a0924c2f3e64\" class=\"uvc-heading ult-adjust-bottom-margin ultimate-heading-70646a0924c2f3e64 uvc-6636 naslov\" data-hspacer=\"line_only\"  data-halign=\"left\" style=\"text-align:left\"><div class=\"uvc-main-heading ult-responsive\"  data-ultimate-target='.uvc-heading.ultimate-heading-70646a0924c2f3e64 h4'  data-responsive-json-new='{\"font-size\":\"\",\"line-height\":\"\"}' ><h4 style=\"font-weight:normal;\">Die Geschichte von Porec<\/h4><\/div><div class=\"uvc-heading-spacer line_only\" style=\"margin-top:10px;height:2px;\"><span class=\"uvc-headings-line\" style=\"border-style:solid;border-bottom-width:2px;border-color:#e77424;width:40px;\"><\/span><\/div><\/div>[vc_column_text]Porec, Parenzo, Parentium. In seiner \u00fcber zweitausend langen, aufregenden Vergangenheit str\u00f6mte durch die Stadt ganze europ\u00e4ische Geschichte, von R\u00f6mern \u00fcber zehn verschiedene V\u00f6lker des Mittel-und Neualters. Diese St\u00e4dtchen-Halbinsel wurde schon in der Vorgeschichte bev\u00f6lkert und in der jetzigen Form besteht es seit der r\u00f6mischen Zeit. W\u00e4hrend der r\u00f6mischen Zeit entwickelte sich die Stadt in ein bedeutendes Verwaltungs-und Wirtschaftszentrum und ist es bis heute noch. Zwei Hauptstrassen der Altstadt tragen den gleichen Namen wie vor zweitausend Jahren \u2013Decumanus und Cardo Maximus.Hier befindet sich auch der Gro\u00dfe Platz (Forum) , neben dem sich Mausoleumsreste vom Mart und Neptun befinden. Das bedeutendste Denkmal aus der byzantinische Zeit stellt der Komplex der Euphrasios-Basilika mit Atrium, Baptisterium, Bischofspalais und die dreischiffige Basilika dar, in der \u00e4u\u00dferst wertvolle Wandmosaiken aus dem 6. Jahrhundert erhalten sind, die man nur mit den ber\u00fchmten Mosaiken von Ravenna vergleichen kann. Die Basilika ist das einzige Denkmal in Istrien, welches in die UNESCO-Liste des Weltkulturerbes aufgenommen worden. In der Stadt sind auch heute noch mehrere H\u00e4user und das monumentale Kanoniker-Haus (13.Jh.) sowie zahlreiche H\u00e4user im Stil der Gotik und Renaissance zu sehen. In den letzten Jahren des 19. Jh. und Anfang des 20.Jh. entwickelte sich die Stadt rapide; Es wurden das Stadtpalais und das Stadttheater gebaut, sowie die ersten Bausteine f\u00fcr den Tourismus gelegt \u2013 erste B\u00e4der und Hotels sind entstanden. Mitte des 20.Jh wird Porec das st\u00e4rkste turistische Zentrum an der Westk\u00fcste Istriens. In den letzten zehn Jahren wurde die Stadt mit den Preisen \u201eChampions des Tourismus\u201c (1996.,1998.) \u201eDie Blume des Tourismus\u201c (1997.,1998.,1999.,2000.) und Touristischer Stern\u201c 1998., ausgezeichnet. Das alles zeugt von einem richtigen Urlaubsort. Wir organisieren f\u00fcr sie gef\u00fchrte Besichtigungen zur Basilika (mit einem Arch\u00e4ologen und Kunsthistoriker) zum Preis von 3 Euro (min. 4-5 Personen) und Altstadtbesichtigungen mit einer fachm\u00e4nnischen F\u00fchrung zum Preis von 5 Euro (min. 4-5 Personen).[\/vc_column_text][\/vc_column_inner][vc_column_inner width=&#8220;1\/3&#8243;]<div id=\"ultimate-heading-33806a0924c2f3e93\" class=\"uvc-heading ult-adjust-bottom-margin ultimate-heading-33806a0924c2f3e93 uvc-4457 naslov\" data-hspacer=\"line_only\"  data-halign=\"left\" style=\"text-align:left\"><div class=\"uvc-main-heading ult-responsive\"  data-ultimate-target='.uvc-heading.ultimate-heading-33806a0924c2f3e93 h4'  data-responsive-json-new='{\"font-size\":\"\",\"line-height\":\"\"}' ><h4 style=\"font-weight:normal;\">Natursch\u00f6nheiten Porecs<\/h4><\/div><div class=\"uvc-heading-spacer line_only\" style=\"margin-top:10px;height:2px;\"><span class=\"uvc-headings-line\" style=\"border-style:solid;border-bottom-width:2px;border-color:#e77424;width:40px;\"><\/span><\/div><\/div>[vc_column_text]Porec befindet sich in der Mitte der Westk\u00fcste der Halbinsel Istriens, gegen\u00fcber von Venedig, bewaldet und mit mildem Mittelmeerklima. Eine wundersch\u00f6ne Stadt, touristische Metropole, mit gepflegten und bestens ausgestatteten Ferienanlagen an der Adria. Aber, nicht nur das. Es ist eine Stadt mit erhaltenen Natursch\u00f6nheiten, gepflegten Parks, Gr\u00fcnfl\u00e4chen und Blumeng\u00e4rten. Die Fichten und Eichen erstrecken sich bis zum Meer, der K\u00fcste entlang wechseln Halbinseln und Buchten. Sauberes Meer und wundersch\u00f6ne Str\u00e4nde mit einer Badesaison von Mai bis Oktober. Seit dem Altertum ist Istrien eine angenehme Gegend zum Leben und Erholen. \u201eIn Istrien f\u00fchren die Patrizier ein Leben wie G\u00f6tter\u201c (r\u00f6mischer Historiker und Senator Flavius Magnus Magnus Aurelius Cassiodorus,537).[\/vc_column_text][vc_single_image image=&#8220;256&#8243; img_size=&#8220;full&#8220; alignment=&#8220;center&#8220;][\/vc_column_inner][\/vc_row_inner][\/vc_column][\/vc_row][vc_row full_width=&#8220;stretch_row_content_no_spaces&#8220; css=&#8220;.vc_custom_1512064000085{padding-bottom: 30px !important;}&#8220;][vc_column]<div id=\"ult-carousel-33600563206a0924c2f3f47\" class=\"ult-carousel-wrapper   ult_horizontal\" data-gutter=\"0\" data-rtl=\"false\" ><div class=\"ult-carousel-14358749806a0924c2f3ec0 \" >[vc_single_image image=&#8220;279&#8243; img_size=&#8220;medium&#8220; onclick=&#8220;link_image&#8220; el_class=&#8220;galerija-okolis&#8220;][vc_single_image image=&#8220;280&#8243; img_size=&#8220;medium&#8220; onclick=&#8220;link_image&#8220; el_class=&#8220;galerija-okolis&#8220;][vc_single_image image=&#8220;281&#8243; img_size=&#8220;medium&#8220; onclick=&#8220;link_image&#8220; el_class=&#8220;galerija-okolis&#8220;][vc_single_image image=&#8220;282&#8243; img_size=&#8220;medium&#8220; onclick=&#8220;link_image&#8220; el_class=&#8220;galerija-okolis&#8220;][vc_single_image image=&#8220;283&#8243; img_size=&#8220;medium&#8220; onclick=&#8220;link_image&#8220; el_class=&#8220;galerija-okolis&#8220;][vc_single_image image=&#8220;284&#8243; img_size=&#8220;medium&#8220; onclick=&#8220;link_image&#8220; el_class=&#8220;galerija-okolis&#8220;][vc_single_image image=&#8220;285&#8243; img_size=&#8220;medium&#8220; onclick=&#8220;link_image&#8220; el_class=&#8220;galerija-okolis&#8220;][vc_single_image image=&#8220;286&#8243; img_size=&#8220;medium&#8220; onclick=&#8220;link_image&#8220; el_class=&#8220;galerija-okolis&#8220;][vc_single_image image=&#8220;287&#8243; img_size=&#8220;medium&#8220; onclick=&#8220;link_image&#8220; el_class=&#8220;galerija-okolis&#8220;]<\/div><\/div>\t\t\t<script type=\"text\/javascript\">\r\n\t\t\t\tjQuery(document).ready(function ($) {\r\n\t\t\t\t\tif( typeof jQuery('.ult-carousel-14358749806a0924c2f3ec0').slick == \"function\"){\r\n\t\t\t\t\t\t$('.ult-carousel-14358749806a0924c2f3ec0').slick({dots: true,autoplaySpeed: 5000,speed: 300,infinite: true,arrows: true,nextArrow: '<button type=\"button\" role=\"button\" aria-label=\"Next\" style=\"color:#e77424; font-size:26px;background:#0e5475;\" class=\"slick-next square-bg\"><i class=\"ultsl-arrow-right4\"><\/i><\/button>',prevArrow: '<button type=\"button\" role=\"button\" aria-label=\"Previous\" style=\"color:#e77424; font-size:26px;background:#0e5475;\" class=\"slick-prev square-bg\"><i class=\"ultsl-arrow-left4\"><\/i><\/button>',slidesToScroll:5,slidesToShow:5,swipe: true,draggable: true,touchMove: true,pauseOnHover: true,pauseOnFocus: false,responsive: [\r\n\t\t\t\t\t\t\t{\r\n\t\t\t\t\t\t\t  breakpoint: 1026,\r\n\t\t\t\t\t\t\t  settings: {\r\n\t\t\t\t\t\t\t\tslidesToShow: 5,\r\n\t\t\t\t\t\t\t\tslidesToScroll: 5,  \r\n\t\t\t\t\t\t\t  }\r\n\t\t\t\t\t\t\t},\r\n\t\t\t\t\t\t\t{\r\n\t\t\t\t\t\t\t  breakpoint: 1025,\r\n\t\t\t\t\t\t\t  settings: {\r\n\t\t\t\t\t\t\t\tslidesToShow: 3,\r\n\t\t\t\t\t\t\t\tslidesToScroll: 3\r\n\t\t\t\t\t\t\t  }\r\n\t\t\t\t\t\t\t},\r\n\t\t\t\t\t\t\t{\r\n\t\t\t\t\t\t\t  breakpoint: 760,\r\n\t\t\t\t\t\t\t  settings: {\r\n\t\t\t\t\t\t\t\tslidesToShow: 2,\r\n\t\t\t\t\t\t\t\tslidesToScroll: 2\r\n\t\t\t\t\t\t\t  }\r\n\t\t\t\t\t\t\t}\r\n\t\t\t\t\t\t],pauseOnDotsHover: true,customPaging: function(slider, i) {\r\n                   return '<i type=\"button\" style= \"color:#e77424;\" class=\"ultsl-record\" data-role=\"none\"><\/i>';\r\n                },});\r\n\t\t\t\t\t}\r\n\t\t\t\t});\r\n\t\t\t<\/script>\r\n\t\t\t[\/vc_column][\/vc_row][vc_row full_width=&#8220;stretch_row&#8220; css=&#8220;.vc_custom_1512063934273{padding-top: 30px !important;padding-bottom: 40px !important;background-color: #f5f5f5 !important;}&#8220;][vc_column]<div id=\"ultimate-heading-61306a0924c2f3fc6\" class=\"uvc-heading ult-adjust-bottom-margin ultimate-heading-61306a0924c2f3fc6 uvc-6974 naslov\" data-hspacer=\"line_only\"  data-halign=\"center\" style=\"text-align:center\"><div class=\"uvc-main-heading ult-responsive\"  data-ultimate-target='.uvc-heading.ultimate-heading-61306a0924c2f3fc6 h3'  data-responsive-json-new='{\"font-size\":\"\",\"line-height\":\"\"}' ><h3 style=\"font-weight:normal;\">ISTRIA<\/h3><\/div><div class=\"uvc-heading-spacer line_only\" style=\"margin-top:10px;height:3px;\"><span class=\"uvc-headings-line\" style=\"border-style:solid;border-bottom-width:3px;border-color:#e77424;width:60px;\"><\/span><\/div><\/div>[vc_row_inner][vc_column_inner width=&#8220;1\/2&#8243;]<div id=\"ultimate-heading-31516a0924c2f3ff7\" class=\"uvc-heading ult-adjust-bottom-margin ultimate-heading-31516a0924c2f3ff7 uvc-290 naslov\" data-hspacer=\"line_only\"  data-halign=\"left\" style=\"text-align:left\"><div class=\"uvc-main-heading ult-responsive\"  data-ultimate-target='.uvc-heading.ultimate-heading-31516a0924c2f3ff7 h4'  data-responsive-json-new='{\"font-size\":\"\",\"line-height\":\"\"}' ><h4 style=\"font-weight:normal;\">Kulturdenkm\u00e4ler und Natursch\u00f6nheiten<\/h4><\/div><div class=\"uvc-heading-spacer line_only\" style=\"margin-top:10px;height:2px;\"><span class=\"uvc-headings-line\" style=\"border-style:solid;border-bottom-width:2px;border-color:#e77424;width:40px;\"><\/span><\/div><\/div>[vc_column_text]Falls Sie Zeit und Lust haben, k\u00f6nnen Sie an zahlreichen Ausfl\u00fcgen durch ganz Istrien teilnehmen, die wir unseren G\u00e4sten anbieten: Vogelreservat (Orintologischer Park) Palud bei Rovinj, Nationalpark Brijuni, Ursprung Histra \u2013 Nezakcij, zahlreiche mittelalterliche St\u00e4dte mit einem bezaubernden Panoramablick und vieles mehr. Wir organisieren die Ausfl\u00fcge auch nach Ihren W\u00fcnschen und Vorstellungen mit oder ohne F\u00fchrung.[\/vc_column_text][\/vc_column_inner][vc_column_inner width=&#8220;1\/2&#8243;]<div id=\"ultimate-heading-18806a0924c2f4020\" class=\"uvc-heading ult-adjust-bottom-margin ultimate-heading-18806a0924c2f4020 uvc-6589 naslov\" data-hspacer=\"line_only\"  data-halign=\"left\" style=\"text-align:left\"><div class=\"uvc-main-heading ult-responsive\"  data-ultimate-target='.uvc-heading.ultimate-heading-18806a0924c2f4020 h4'  data-responsive-json-new='{\"font-size\":\"\",\"line-height\":\"\"}' ><h4 style=\"font-weight:normal;\">Wohin zum Essen ?<\/h4><\/div><div class=\"uvc-heading-spacer line_only\" style=\"margin-top:10px;height:2px;\"><span class=\"uvc-headings-line\" style=\"border-style:solid;border-bottom-width:2px;border-color:#e77424;width:40px;\"><\/span><\/div><\/div>[vc_column_text]Nat\u00fcrlich k\u00f6nnen Sie alles in Ihrem Appartement vorbereiten oder auch einheimische Spezialit\u00e4ten kosten wie z.B. istrianischen Prsut, weltbekannten Tr\u00fcffeln und dazu ausgezeichnete Weine. W\u00fcrste, istrianische Suppen, Povetizza oder Krostule, dann sagen wir Ihnen, wo sich die besten Konoba (Restaurants) befinden. Falls Sie lieber Meeresfr\u00fcchte, frischen Fisch, Muscheln und andere K\u00f6stlichkeiten bevorzugen, empfehlen wir Ihnen die besten Restaurants. F\u00fcr die Feinschmecker unter ihnen, die gern experimentieren und kreative K\u00fcche sch\u00e4tzen, haben wir die besten Restaurants der cousine nouvella ausgesucht.[\/vc_column_text][\/vc_column_inner][\/vc_row_inner][\/vc_column][\/vc_row]<\/p>\n","protected":false},"excerpt":{"rendered":"<p>[vc_row full_width=&#8220;stretch_row&#8220; css=&#8220;.vc_custom_1512063981499{padding-top: 30px !important;}&#8220;][vc_column][vc_row_inner][vc_column_inner width=&#8220;2\/3&#8243;][vc_column_text]Porec, Parenzo, Parentium. In seiner \u00fcber zweitausend langen, aufregenden Vergangenheit str\u00f6mte durch die Stadt ganze europ\u00e4ische Geschichte, von R\u00f6mern \u00fcber zehn<span class=\"excerpt-hellip\"> [\u2026]<\/span><\/p>\n","protected":false},"author":1,"featured_media":0,"parent":0,"menu_order":0,"comment_status":"closed","ping_status":"closed","template":"","meta":[],"_links":{"self":[{"href":"https:\/\/www.porecholiday.com\/de\/wp-json\/wp\/v2\/pages\/503"}],"collection":[{"href":"https:\/\/www.porecholiday.com\/de\/wp-json\/wp\/v2\/pages"}],"about":[{"href":"https:\/\/www.porecholiday.com\/de\/wp-json\/wp\/v2\/types\/page"}],"author":[{"embeddable":true,"href":"https:\/\/www.porecholiday.com\/de\/wp-json\/wp\/v2\/users\/1"}],"replies":[{"embeddable":true,"href":"https:\/\/www.porecholiday.com\/de\/wp-json\/wp\/v2\/comments?post=503"}],"version-history":[{"count":3,"href":"https:\/\/www.porecholiday.com\/de\/wp-json\/wp\/v2\/pages\/503\/revisions"}],"predecessor-version":[{"id":2629,"href":"https:\/\/www.porecholiday.com\/de\/wp-json\/wp\/v2\/pages\/503\/revisions\/2629"}],"wp:attachment":[{"href":"https:\/\/www.porecholiday.com\/de\/wp-json\/wp\/v2\/media?parent=503"}],"curies":[{"name":"wp","href":"https:\/\/api.w.org\/{rel}","templated":true}]}}